{"id":285,"date":"2020-05-11T12:59:07","date_gmt":"2020-05-11T12:59:07","guid":{"rendered":"https:\/\/logeastic-milan.com\/?page_id=285"},"modified":"2020-05-11T12:59:10","modified_gmt":"2020-05-11T12:59:10","slug":"cookie-policy","status":"publish","type":"page","link":"https:\/\/logeastic-milan.com\/en\/cookie-policy\/","title":{"rendered":"Cookie Policy"},"content":{"rendered":"<p>[et_pb_section fb_built=&#8221;1&#8243; _builder_version=&#8221;4.4.6&#8243;][et_pb_row _builder_version=&#8221;4.4.6&#8243;][et_pb_column type=&#8221;4_4&#8243; _builder_version=&#8221;4.4.6&#8243;][et_pb_image src=&#8221;https:\/\/logeastic-milan.com\/wp-content\/uploads\/2020\/05\/logo.svg&#8221; title_text=&#8221;logo&#8221; url=&#8221;https:\/\/logeastic-milan.com\/en\/&#8221; align=&#8221;center&#8221; _builder_version=&#8221;4.4.6&#8243; width=&#8221;280px&#8221; max_width=&#8221;100%&#8221; hover_enabled=&#8221;0&#8243;][\/et_pb_image][et_pb_text admin_label=&#8221;Cookie Policy&#8221; _builder_version=&#8221;4.4.6&#8243; hover_enabled=&#8221;0&#8243;]<\/p>\n<p><strong>INTRODUCTION<\/strong><\/p>\n<p>CBRE Global Investors SGR p.A. (&#8220;<strong>We<\/strong>&#8221; or &#8220;<strong>us<\/strong>&#8220;), with registered office in Milan, Piazza degli Affari no. 2, acting in the role of data controller, uses technologies on this website (&#8220;<strong>Website&#8221;<\/strong>) to collect information that helps us improve your online experience, in accordance with all applicable laws and regulations on personal data protection, in particular with: (i) Legislative Decree no. 196\/2003; \u00a0(ii) Regulation (EU) no. 679 of 27th April 2016 (<em>General Data Protection Regulation<\/em> or &#8220;<strong>GDPR<\/strong>&#8220;); and any other \u00a0provision, order, regulation or provision of the competent national and European data protection authorities (hereinafter \u201c<strong>Data protection applicable laws<\/strong>\u201d).<\/p>\n<ol>\n<li><strong> WHAT IS A COOKIE?<\/strong><\/li>\n<\/ol>\n<p>Cookies are small text files that are stored on your computer or mobile device. They are widely used in order to make websites work, or work in a better, more efficient way. They can do this because websites can read and write these files, enabling them to recognise you and remember important information that will make your use of a website more convenient (e.g. by remembering your user preferences).<\/p>\n<ol start=\"2\">\n<li><strong> WHAT COOKIES DO WE USE?<\/strong><\/li>\n<\/ol>\n<p>Below we list the different types of cookies we may use on the Site.<\/p>\n<p><strong>Essential Cookies (so-called <em>technical cookies<\/em>).<\/strong> These cookies are essential to our Website in order to enable you to move around it and to use its features. Without these essential cookies, we may not be able to provide certain services or features and our Website will not perform as smoothly for you as we would like.\u00a0<\/p>\n<p><strong>Performance Cookies.<\/strong> Performance cookies, which are sometimes called analytics cookies, collect information about your use of this Website and enable us to improve the way it works. For example, performance cookies show us which are the most frequently visited pages on the Website, allow us to see the overall patterns of usage on the Website, help us record any difficulties you have with the Website and show us whether our advertising is effective or not.<\/p>\n<p><strong>Functionality Cookies.<\/strong> In some circumstances, we may use functionality cookies. Functionality cookies allow us to remember the choices you make on our Website and to provide enhanced and more personalized features, such as customising a certain webpage, remembering if we have asked you to participate in a promotion and for other services you request, like watching a video or commenting on a blog. All of these features help us to improve your visit to the Website.<\/p>\n<p>&nbsp;<\/p>\n<ol start=\"3\">\n<li><strong> HOW DO I CONTROL COOKIES?<\/strong><\/li>\n<\/ol>\n<p>By changing the settings of your browser, you can decide to subject the installation of any type of cookie to your prior acceptance or fully prevent their installation. To have more information on cookies please visit the website <a href=\"http:\/\/www.youronlinechoices.com\">www.youronlinechoices.com<\/a>. Please note that the setup of each browser is different. Below a list of links to the most-used web browsers from which you can opt-out from cookies.<\/p>\n<p>&nbsp;<\/p>\n<ul>\n<li><a href=\"https:\/\/support.google.com\/chrome\/answer\/95647?hl=en\"><strong>Google Chrome<\/strong><\/a><\/li>\n<li><a href=\"https:\/\/support.mozilla.org\/en-US\/kb\/enable-and-disable-cookies-website-preferences\"><strong>Mozilla Firefox<\/strong><\/a><strong>:<\/strong><\/li>\n<li><a href=\"https:\/\/support.microsoft.com\/en-us\/help\/17442\/windows-internet-explorer-delete-manage-cookies\"><strong>Internet Explorer<\/strong><\/a><\/li>\n<li><a href=\"http:\/\/www.opera.com\/help\/tutorials\/security\/privacy\/\"><strong>Opera<\/strong><\/a><\/li>\n<li><a href=\"https:\/\/support.apple.com\/kb\/ph21411?locale=en_US\"><strong>Safari<\/strong><\/a><\/li>\n<\/ul>\n<ol start=\"4\">\n<li><strong> UPDATE TO THIS PRIVACY POLICY<\/strong><\/li>\n<\/ol>\n<p>We can modify or update this Cookie Policy also following different interpretations, decisions, opinions and orders relating upcoming data protection laws and regulations. Please look at the Effective Date at the top of this Cookie Policy to see when this Cookie Policy was last revised.<\/p>\n<p>Any changes to this Cookie Policy will be notified in advance and will in any case be available when we post the revised Cookie Policy on our Website. If we make material chances to this Cookie Policy that expand our rights to use the personal data we have already collected from you, we will notify you and provide you with a choice about our future use of the personal data.<\/p>\n<ol start=\"5\">\n<li><strong> CONTACT US<\/strong><\/li>\n<\/ol>\n<p>If you have questions about this Cookie Policy or you want to exercise your fundamental rights, take a look contact us at <a class=\"\" href=\"mailto:cbreglobalinvestors@legalmail.it\">cbreglobalinvestors@legalmail.it<\/a><\/p>\n<p>[\/et_pb_text][\/et_pb_column][\/et_pb_row][\/et_pb_section]<\/p>\n","protected":false},"excerpt":{"rendered":"<p>INTRODUCTION CBRE Global Investors SGR p.A. (&#8220;We&#8221; or &#8220;us&#8221;), with registered office in Milan, Piazza degli Affari no. 2, acting in the role of data controller, uses technologies on this website (&#8220;Website&#8221;) to collect information that helps us improve your online experience, in accordance with all applicable laws and regulations on personal data protection, in [&hellip;]<\/p>\n","protected":false},"author":1,"featured_media":0,"parent":0,"menu_order":200,"comment_status":"closed","ping_status":"closed","template":"page-template-blank.php","meta":{"_et_pb_use_builder":"on","_et_pb_old_content":"<p>[et_pb_section fb_built=\"1\" _builder_version=\"4.4.6\"][et_pb_row _builder_version=\"4.4.6\"][et_pb_column type=\"4_4\" _builder_version=\"4.4.6\"][et_pb_image src=\"https:\/\/logeastic-milan.com\/wp-content\/uploads\/2020\/05\/logo.svg\" title_text=\"logo\" url=\"https:\/\/logeastic-milan.com\/\" align=\"center\" _builder_version=\"4.4.6\" width=\"280px\" max_width=\"100%\"][\/et_pb_image][et_pb_text admin_label=\"Cookie Policy\" _builder_version=\"4.4.6\"]<\/p><p><strong>INTRODUZIONE<\/strong><\/p><p>CBRE Global Investors SGR p.A. con sede legale in Milano, Piazza degli Affari n. 2 (la \u201c<strong>Societ\u00e0<\/strong>\u201d o \u201c<strong>noi<\/strong>\u201d), che agisce nel ruolo di titolare del trattamento impiega su questo sito Web (il \"<strong>Sito\"<\/strong>) tecnologie per raccogliere informazioni che ci aiutano a migliorare la vostra esperienza online, nel rispetto di tutte le leggi e i regolamenti applicabili in materia di protezione dei dati e con particolare riferimento a: (i) D.Lgs. 196\/2003; (ii) Regolamento (UE) n. 679 del 27 aprile 2016 (il cosiddetto <em>Codice generale in materia di protezione dei dati, <\/em>o \"<strong>GDPR<\/strong><em>\"<\/em>); e (iii) qualsivoglia altro provvedimento, ordine, regolamento o disposizione delle competenti autorit\u00e0 per la protezione dei dati a livello nazionale ed europeo - definiti congiuntamente nel prosieguo la \"<strong>Legislazione applicabile in materia di protezione dei dati<\/strong>\".<\/p><ol><li><strong> COS'\u00c8 UN COOKIE?<\/strong><\/li><\/ol><p>I cookie sono piccoli file di testo salvati sul vostro computer o dispositivo mobile. Sono ampiamente utilizzati per far funzionare il sito Web, o per farlo funzionare in modo migliore e pi\u00f9 efficiente. Ci\u00f2 \u00e8 possibile poich\u00e9 i siti web possono leggere e scrivere questi file, cos\u00ec da riconoscervi e ricordare importanti informazioni che vi renderanno pi\u00f9 agevole l'utilizzo del Sito (ad es. ricordando le vostre preferenze come utenti).<\/p><ol start=\"2\"><li><strong> QUALI COOKIE UTILIZZIAMO?<\/strong><\/li><\/ol><p>Qui di seguito elenchiamo le diverse tipologie di cookie propri e di terze parti che potremmo usare sul Sito.<\/p><p><strong>Cookie essenziali (cosiddetti <em>cookie tecnici<\/em>).<\/strong> Questi cookie sono essenziali per consentirvi una navigazione sul Sito e un utilizzo delle sue funzionalit\u00e0. Senza questi cookie essenziali, potremmo non essere in grado di fornire determinati servizi o funzionalit\u00e0 e il nostro Sito non funzioner\u00e0 agevolmente come desidereremmo.<\/p><p><strong>Cookie di performance.<\/strong> I cookie di performance, a volte denominati cookie analitici, raccolgono informazioni sul vostro utilizzo di questo Sito e ci consentono di migliorarne il funzionamento. Per esempio, i cookie di performance ci mostrano quali sono le pagine pi\u00f9 visitate sul Sito, ci permettono di analizzare i modelli complessivi di fruizione del sito Web, ci aiutano a registrare eventuali difficolt\u00e0 che avete col Sito e ci indicano se la nostra pubblicit\u00e0 \u00e8 efficace o meno.<\/p><p><strong>Cookie di funzionalit\u00e0.<\/strong> In alcune circostanze, potremmo impiegare i cookie di funzionalit\u00e0. I cookie di funzionalit\u00e0 ci consentono di ricordare le scelte fatte sul nostro sito Web e di fornire caratteristiche migliorate e pi\u00f9 focalizzate sull'utente, come la personalizzazione di una determinata pagina Web, la visione di un video o i commenti su un blog. Tutte queste caratteristiche ci aiutano a migliorare la vostra navigazione su Sito.<\/p><ol start=\"3\"><li><strong> COME CONTROLLO I COOKIE?<\/strong><\/li><\/ol><p><a name=\"_Toc500170376\"><\/a>Cambiando le impostazioni del vostro browser, potete decidere di far dipendere l'installazione di qualsiasi cookie dalla vostra preventiva accettazione o di impedirne interamente l'installazione. Per avere pi\u00f9 informazioni sui cookie, visitare il sito <a href=\"http:\/\/www.youronlinechoices.com\">www.youronlinechoices.com<\/a>. Si tenga presente che la configurazione di ogni browser \u00e8 diversa. Qui di seguito viene riportato un elenco di link ai Web browser pi\u00f9 utilizzati da cui potete disattivare i cookie.<\/p><ul><li><a href=\"https:\/\/support.google.com\/chrome\/answer\/95647?hl=en\"><strong>Google Chrome<\/strong><\/a><\/li><li><a href=\"https:\/\/support.mozilla.org\/en-US\/kb\/enable-and-disable-cookies-website-preferences\"><strong>Mozilla Firefox<\/strong><\/a><strong>:<\/strong><\/li><li><a href=\"https:\/\/support.microsoft.com\/en-us\/help\/17442\/windows-internet-explorer-delete-manage-cookies\"><strong>Internet Explorer<\/strong><\/a><\/li><li><a href=\"http:\/\/www.opera.com\/help\/tutorials\/security\/privacy\/\"><strong>Opera<\/strong><\/a><\/li><li><a href=\"https:\/\/support.apple.com\/kb\/ph21411?locale=en_US\"><strong>Safari<\/strong><\/a><\/li><\/ul><ol start=\"4\"><li><strong> AGGIORNAMENTO DELLA PRESENTE COOKIE POLICY <\/strong><\/li><\/ol><p>Possiamo modificare o aggiornare questa Cookie Policy anche in base alle diverse interpretazioni, decisioni, opinioni e provvedimenti correlati alla Legislazione applicabile in materia di protezione dei dati. Per vedere quando la Cookie Policy \u00e8 stata da ultimo aggiornata, si veda la Data di efficacia all'inizio di questa Cookie Policy.<\/p><p>In caso di modifiche significative della presente Cookie Policy che ampliano i nostri diritti di utilizzo dei dati personali gi\u00e0 raccolti da voi, ve lo comunicheremo e vi daremo la possibilit\u00e0 di controllare il nostro utilizzo futuro dei dati personali.<\/p><ol start=\"5\"><li><a name=\"_Toc500170377\"><\/a><strong> CONTA<\/strong><strong>TTI<\/strong><\/li><\/ol><p>In caso di domande relative alla presente Cookie Policy o se volete esercitare i vostri diritti, vi preghiamo di contattarci al seguente indirizzo <a class=\"\" href=\"mailto:cbreglobalinvestors@legalmail.it\">cbreglobalinvestors@legalmail.it<\/a><\/p><p>[\/et_pb_text][\/et_pb_column][\/et_pb_row][\/et_pb_section]<\/p>","_et_gb_content_width":""},"yoast_head":"<!-- This site is optimized with the Yoast SEO plugin v19.14 - https:\/\/yoast.com\/wordpress\/plugins\/seo\/ -->\n<title>Cookie Policy - LogEastic Milan<\/title>\n<meta name=\"robots\" content=\"index, follow, max-snippet:-1, max-image-preview:large, max-video-preview:-1\" \/>\n<link rel=\"canonical\" href=\"https:\/\/logeastic-milan.com\/en\/cookie-policy\/\" \/>\n<meta property=\"og:locale\" content=\"en_US\" \/>\n<meta property=\"og:type\" content=\"article\" \/>\n<meta property=\"og:title\" content=\"Cookie Policy - LogEastic Milan\" \/>\n<meta property=\"og:description\" content=\"INTRODUCTION CBRE Global Investors SGR p.A. (&quot;We&quot; or &quot;us&quot;), with registered office in Milan, Piazza degli Affari no. 2, acting in the role of data controller, uses technologies on this website (&quot;Website&quot;) to collect information that helps us improve your online experience, in accordance with all applicable laws and regulations on personal data protection, in [&hellip;]\" \/>\n<meta property=\"og:url\" content=\"https:\/\/logeastic-milan.com\/en\/cookie-policy\/\" \/>\n<meta property=\"og:site_name\" content=\"LogEastic Milan\" \/>\n<meta property=\"article:modified_time\" content=\"2020-05-11T12:59:10+00:00\" \/>\n<meta name=\"twitter:card\" content=\"summary_large_image\" \/>\n<meta name=\"twitter:label1\" content=\"Est. reading time\" \/>\n\t<meta name=\"twitter:data1\" content=\"3 minutes\" \/>\n<script type=\"application\/ld+json\" class=\"yoast-schema-graph\">{\"@context\":\"https:\/\/schema.org\",\"@graph\":[{\"@type\":\"WebPage\",\"@id\":\"https:\/\/logeastic-milan.com\/en\/cookie-policy\/\",\"url\":\"https:\/\/logeastic-milan.com\/en\/cookie-policy\/\",\"name\":\"Cookie Policy - LogEastic Milan\",\"isPartOf\":{\"@id\":\"https:\/\/logeastic-milan.com\/#website\"},\"datePublished\":\"2020-05-11T12:59:07+00:00\",\"dateModified\":\"2020-05-11T12:59:10+00:00\",\"breadcrumb\":{\"@id\":\"https:\/\/logeastic-milan.com\/en\/cookie-policy\/#breadcrumb\"},\"inLanguage\":\"en-US\",\"potentialAction\":[{\"@type\":\"ReadAction\",\"target\":[\"https:\/\/logeastic-milan.com\/en\/cookie-policy\/\"]}]},{\"@type\":\"BreadcrumbList\",\"@id\":\"https:\/\/logeastic-milan.com\/en\/cookie-policy\/#breadcrumb\",\"itemListElement\":[{\"@type\":\"ListItem\",\"position\":1,\"name\":\"Home\",\"item\":\"https:\/\/logeastic-milan.com\/en\/\"},{\"@type\":\"ListItem\",\"position\":2,\"name\":\"Cookie Policy\"}]},{\"@type\":\"WebSite\",\"@id\":\"https:\/\/logeastic-milan.com\/#website\",\"url\":\"https:\/\/logeastic-milan.com\/\",\"name\":\"LogEastic Milan\",\"description\":\"Magazzino Logistico a Truccazzano A58\",\"potentialAction\":[{\"@type\":\"SearchAction\",\"target\":{\"@type\":\"EntryPoint\",\"urlTemplate\":\"https:\/\/logeastic-milan.com\/?s={search_term_string}\"},\"query-input\":\"required name=search_term_string\"}],\"inLanguage\":\"en-US\"}]}<\/script>\n<!-- \/ Yoast SEO plugin. -->","yoast_head_json":{"title":"Cookie Policy - LogEastic Milan","robots":{"index":"index","follow":"follow","max-snippet":"max-snippet:-1","max-image-preview":"max-image-preview:large","max-video-preview":"max-video-preview:-1"},"canonical":"https:\/\/logeastic-milan.com\/en\/cookie-policy\/","og_locale":"en_US","og_type":"article","og_title":"Cookie Policy - LogEastic Milan","og_description":"INTRODUCTION CBRE Global Investors SGR p.A. (\"We\" or \"us\"), with registered office in Milan, Piazza degli Affari no. 2, acting in the role of data controller, uses technologies on this website (\"Website\") to collect information that helps us improve your online experience, in accordance with all applicable laws and regulations on personal data protection, in [&hellip;]","og_url":"https:\/\/logeastic-milan.com\/en\/cookie-policy\/","og_site_name":"LogEastic Milan","article_modified_time":"2020-05-11T12:59:10+00:00","twitter_card":"summary_large_image","twitter_misc":{"Est. reading time":"3 minutes"},"schema":{"@context":"https:\/\/schema.org","@graph":[{"@type":"WebPage","@id":"https:\/\/logeastic-milan.com\/en\/cookie-policy\/","url":"https:\/\/logeastic-milan.com\/en\/cookie-policy\/","name":"Cookie Policy - LogEastic Milan","isPartOf":{"@id":"https:\/\/logeastic-milan.com\/#website"},"datePublished":"2020-05-11T12:59:07+00:00","dateModified":"2020-05-11T12:59:10+00:00","breadcrumb":{"@id":"https:\/\/logeastic-milan.com\/en\/cookie-policy\/#breadcrumb"},"inLanguage":"en-US","potentialAction":[{"@type":"ReadAction","target":["https:\/\/logeastic-milan.com\/en\/cookie-policy\/"]}]},{"@type":"BreadcrumbList","@id":"https:\/\/logeastic-milan.com\/en\/cookie-policy\/#breadcrumb","itemListElement":[{"@type":"ListItem","position":1,"name":"Home","item":"https:\/\/logeastic-milan.com\/en\/"},{"@type":"ListItem","position":2,"name":"Cookie Policy"}]},{"@type":"WebSite","@id":"https:\/\/logeastic-milan.com\/#website","url":"https:\/\/logeastic-milan.com\/","name":"LogEastic Milan","description":"Magazzino Logistico a Truccazzano A58","potentialAction":[{"@type":"SearchAction","target":{"@type":"EntryPoint","urlTemplate":"https:\/\/logeastic-milan.com\/?s={search_term_string}"},"query-input":"required name=search_term_string"}],"inLanguage":"en-US"}]}},"_links":{"self":[{"href":"https:\/\/logeastic-milan.com\/en\/wp-json\/wp\/v2\/pages\/285"}],"collection":[{"href":"https:\/\/logeastic-milan.com\/en\/wp-json\/wp\/v2\/pages"}],"about":[{"href":"https:\/\/logeastic-milan.com\/en\/wp-json\/wp\/v2\/types\/page"}],"author":[{"embeddable":true,"href":"https:\/\/logeastic-milan.com\/en\/wp-json\/wp\/v2\/users\/1"}],"replies":[{"embeddable":true,"href":"https:\/\/logeastic-milan.com\/en\/wp-json\/wp\/v2\/comments?post=285"}],"version-history":[{"count":3,"href":"https:\/\/logeastic-milan.com\/en\/wp-json\/wp\/v2\/pages\/285\/revisions"}],"predecessor-version":[{"id":288,"href":"https:\/\/logeastic-milan.com\/en\/wp-json\/wp\/v2\/pages\/285\/revisions\/288"}],"wp:attachment":[{"href":"https:\/\/logeastic-milan.com\/en\/wp-json\/wp\/v2\/media?parent=285"}],"curies":[{"name":"wp","href":"https:\/\/api.w.org\/{rel}","templated":true}]}}